{"id":877,"date":"2025-03-10T14:54:55","date_gmt":"2025-03-10T13:54:55","guid":{"rendered":"https:\/\/cbf.cgt.fr\/formsynd\/?page_id=877"},"modified":"2025-07-31T15:21:29","modified_gmt":"2025-07-31T13:21:29","slug":"commande-de-materiel-pedagogique","status":"publish","type":"page","link":"https:\/\/formationsyndicale.cgt.fr\/?page_id=877","title":{"rendered":"Commande de mat\u00e9riel p\u00e9dagogique"},"content":{"rendered":"\n<p>Pour toutes les commandes de mat\u00e9riel syndical merci de retourner le<strong> <a href=\"https:\/\/cloud.cgt.fr\/index.php\/s\/LJGZKxFbjqHRXBN\" target=\"_blank\" rel=\"noreferrer noopener\">bon de commande<\/a><\/strong>-type \u00e0<strong>\u00a0 <\/strong><a href=\"mailto:commandeformation@cgt.org\"><strong>commandeformation@cgt.org<\/strong><\/a><\/p>\n\n\n\n<p>Merci d\u2019anticiper vos commandes en pr\u00e9voyant un d\u00e9lai <strong>d\u2019au moins un mois<\/strong> entre votre commande et la livraison. Nous vous rappelons que vos commandes doivent \u00eatre r\u00e9alis\u00e9es en lissage sur l\u2019ann\u00e9e.<\/p>\n\n\n\n<p><strong><u>Les classeurs disponibles sont :<\/u><\/strong><\/p>\n\n\n\n<ul class=\"wp-block-list\">\n<li>Formation Syndicale G\u00e9n\u00e9rale :\n<ul class=\"wp-block-list\">\n<li>Participer \u00e0 la vie de la CGT &#8211; module 1 (stagiaire\/formateur)&nbsp;;<\/li>\n\n\n\n<li>Participer \u00e0 la vie de la CGT &#8211; module 2 (stagiaire\/formateur)&nbsp;;<\/li>\n\n\n\n<li>Participer \u00e0 la vie de la CGT &#8211; module 3 (stagiaire\/formateur)&nbsp;;<\/li>\n\n\n\n<li>D\u00e9velopper la CGT &#8211; module 1 (stagiaire\/formateur)&nbsp;;<\/li>\n\n\n\n<li>D\u00e9velopper la CGT &#8211; module 2 (stagiaire\/formateur)<em> <\/em>;<\/li>\n<\/ul>\n<\/li>\n\n\n\n<li>Formation de formateurs (Stagiaire\/Formateur)<\/li>\n<\/ul>\n\n\n\n<p><em>Les anciennes formations g\u00e9n\u00e9rales restent disponibles pendant une p\u00e9riode transitoire&nbsp;:<\/em><\/p>\n\n\n\n<ul class=\"wp-block-list\">\n<li>Niveau 2 1\u00e8re partie&nbsp;Stagiaire\/Formateur<\/li>\n\n\n\n<li>Niveau 2 2\u00e8me partie&nbsp;Stagiaire\/Formateur<\/li>\n<\/ul>\n\n\n\n<p>Ensuite, il y a les documents suivants qui peuvent \u00eatre command\u00e9s :<\/p>\n\n\n\n<ul class=\"wp-block-list\">\n<li>&#8211; ICTAM dans la CGT (Formateur)<\/li>\n\n\n\n<li>&#8211; Livret \u00a0\u00bb Ma Formation Syndicale \u00ab\u00a0<\/li>\n<\/ul>\n\n\n\n<p>Le bon de commande est disponible sous le lien ci-dessus.<\/p>\n\n\n\n<p class=\"has-text-align-right\"><em>A jour le 31 juillet 2025<\/em><\/p>\n\n\n\n<p><\/p>\n","protected":false},"excerpt":{"rendered":"<p>Pour toutes les commandes de mat\u00e9riel syndical merci de retourner le bon de commande-type \u00e0\u00a0 commandeformation@cgt.org Merci d\u2019anticiper vos commandes en pr\u00e9voyant un d\u00e9lai d\u2019au moins un mois entre votre&hellip;&nbsp;<a href=\"https:\/\/formationsyndicale.cgt.fr\/?page_id=877\" rel=\"bookmark\"><span class=\"screen-reader-text\">Commande de mat\u00e9riel p\u00e9dagogique<\/span><\/a><\/p>\n","protected":false},"author":2,"featured_media":0,"parent":0,"menu_order":0,"comment_status":"closed","ping_status":"closed","template":"","meta":{"neve_meta_sidebar":"","neve_meta_container":"","neve_meta_enable_content_width":"","neve_meta_content_width":0,"neve_meta_title_alignment":"","neve_meta_author_avatar":"","neve_post_elements_order":"","neve_meta_disable_header":"","neve_meta_disable_footer":"","neve_meta_disable_title":"","footnotes":""},"class_list":["post-877","page","type-page","status-publish","hentry"],"_links":{"self":[{"href":"https:\/\/formationsyndicale.cgt.fr\/index.php?rest_route=\/wp\/v2\/pages\/877","targetHints":{"allow":["GET"]}}],"collection":[{"href":"https:\/\/formationsyndicale.cgt.fr\/index.php?rest_route=\/wp\/v2\/pages"}],"about":[{"href":"https:\/\/formationsyndicale.cgt.fr\/index.php?rest_route=\/wp\/v2\/types\/page"}],"author":[{"embeddable":true,"href":"https:\/\/formationsyndicale.cgt.fr\/index.php?rest_route=\/wp\/v2\/users\/2"}],"replies":[{"embeddable":true,"href":"https:\/\/formationsyndicale.cgt.fr\/index.php?rest_route=%2Fwp%2Fv2%2Fcomments&post=877"}],"version-history":[{"count":3,"href":"https:\/\/formationsyndicale.cgt.fr\/index.php?rest_route=\/wp\/v2\/pages\/877\/revisions"}],"predecessor-version":[{"id":1159,"href":"https:\/\/formationsyndicale.cgt.fr\/index.php?rest_route=\/wp\/v2\/pages\/877\/revisions\/1159"}],"wp:attachment":[{"href":"https:\/\/formationsyndicale.cgt.fr\/index.php?rest_route=%2Fwp%2Fv2%2Fmedia&parent=877"}],"curies":[{"name":"wp","href":"https:\/\/api.w.org\/{rel}","templated":true}]}}